{"id":3169,"date":"2023-08-10T15:52:00","date_gmt":"2023-08-10T13:52:00","guid":{"rendered":"https:\/\/deutscher-schaeferhund.ch\/?page_id=3169"},"modified":"2024-11-20T21:02:49","modified_gmt":"2024-11-20T20:02:49","slug":"die-unvergesslichen","status":"publish","type":"page","link":"https:\/\/deutscher-schaeferhund.ch\/index.php\/die-unvergesslichen\/","title":{"rendered":"die Unvergesslichen"},"content":{"rendered":"\n<h6 class=\"wp-block-heading\">Inouk von der Bruggm\u00fchle<\/h6>\n\n\n\n<p>Von 2021 bis 2023 in Zuchtpension bei Familie Sicheneder<\/p>\n\n\n\n<p>geboren: 17.05.2013 VPG I, IGP III, IBGH III<\/p>\n\n\n\n<p>Mutter: Ev &#8211; Flo vom Urnerland IGP III <\/p>\n\n\n\n<p>Vater: Ingo vom Rothaarpark <br><\/p>\n\n\n\n<p>Am 13.06.2015 hat Inouk die Wesenspr\u00fcfung bestanden. Temperamentvolle H\u00fcndin mit einem sehr guten Wesensgrundgef\u00fcge. Der Schutz und Beutetrieb ist sehr gut entwickelt, sehr gute F\u00fchrer- \/ Hund &#8211; Beziehung.<\/p>\n\n\n\n<p><strong>K\u00f6rbericht<\/strong><br><br>\u00dcbermittelgrosse, typ &#8211; und ausdrucksvolle, sehr gut pigmentierte, graue H\u00fcndin. Normaler Widerrist, gerader R\u00fccken, gute L\u00e4nge und Lage der Kruppe. Gute Winkelung der Vor &#8211; und Hinterhand. Normale Brustverh\u00e4ltnisse, gerade Front. Bei Kraftvollem Nachschub und gutem Vortritt zeigt die H\u00fcndin gute G\u00e4nge. Schutztrieb ausgepr\u00e4gt.Empfehlung: Zur Verbesserung des TSB &#8211; Komplexes, optimale HD \/ ED Auswertungen.<\/p>\n\n\n\n<p><strong>Pr\u00fcfungen<\/strong><\/p>\n\n\n\n<ul class=\"wp-block-list\">\n<li>2015 VPG I &nbsp;&nbsp;&nbsp;&nbsp;&nbsp;264 Punkte<\/li>\n\n\n\n<li>2018 BH VT &nbsp;&nbsp;&nbsp;&nbsp;bestanden<\/li>\n\n\n\n<li>2018 IGP I &nbsp;&nbsp;&nbsp;&nbsp;&nbsp;282 Punkte<\/li>\n\n\n\n<li>2018 IGP II &nbsp;&nbsp;&nbsp;&nbsp;243 Punkte<\/li>\n\n\n\n<li>2018 IGP III &nbsp;&nbsp;&nbsp;287 Punkte<\/li>\n\n\n\n<li>2020 IBGH III &nbsp;91 Punkte<\/li>\n<\/ul>\n\n\n\n<figure class=\"wp-block-gallery has-nested-images columns-default is-cropped wp-block-gallery-1 is-layout-flex wp-block-gallery-is-layout-flex\">\n<figure class=\"wp-block-image size-large\"><img loading=\"lazy\" decoding=\"async\" width=\"535\" height=\"714\" data-id=\"109\" src=\"https:\/\/deutscher-schaeferhund.ch\/wp-content\/uploads\/2022\/12\/von-der-bruggmuehle-inouk3.jpeg\" alt=\"\" class=\"wp-image-109\" srcset=\"https:\/\/deutscher-schaeferhund.ch\/wp-content\/uploads\/2022\/12\/von-der-bruggmuehle-inouk3.jpeg 535w, https:\/\/deutscher-schaeferhund.ch\/wp-content\/uploads\/2022\/12\/von-der-bruggmuehle-inouk3-225x300.jpeg 225w\" sizes=\"auto, (max-width: 535px) 100vw, 535px\" \/><\/figure>\n\n\n\n<figure class=\"wp-block-image size-large\"><img loading=\"lazy\" decoding=\"async\" width=\"535\" height=\"402\" data-id=\"110\" src=\"https:\/\/deutscher-schaeferhund.ch\/wp-content\/uploads\/2022\/12\/von-der-bruggmuehle-innouk2.jpeg\" alt=\"\" class=\"wp-image-110\" srcset=\"https:\/\/deutscher-schaeferhund.ch\/wp-content\/uploads\/2022\/12\/von-der-bruggmuehle-innouk2.jpeg 535w, https:\/\/deutscher-schaeferhund.ch\/wp-content\/uploads\/2022\/12\/von-der-bruggmuehle-innouk2-300x225.jpeg 300w, https:\/\/deutscher-schaeferhund.ch\/wp-content\/uploads\/2022\/12\/von-der-bruggmuehle-innouk2-399x300.jpeg 399w\" sizes=\"auto, (max-width: 535px) 100vw, 535px\" \/><\/figure>\n\n\n\n<figure class=\"wp-block-image size-large\"><img loading=\"lazy\" decoding=\"async\" width=\"535\" height=\"714\" data-id=\"108\" src=\"https:\/\/deutscher-schaeferhund.ch\/wp-content\/uploads\/2022\/12\/von-der-bruggmuehle-inouk4.jpeg\" alt=\"\" class=\"wp-image-108\" srcset=\"https:\/\/deutscher-schaeferhund.ch\/wp-content\/uploads\/2022\/12\/von-der-bruggmuehle-inouk4.jpeg 535w, https:\/\/deutscher-schaeferhund.ch\/wp-content\/uploads\/2022\/12\/von-der-bruggmuehle-inouk4-225x300.jpeg 225w\" sizes=\"auto, (max-width: 535px) 100vw, 535px\" \/><\/figure>\n<\/figure>\n\n\n\n<p><\/p>\n\n\n\n<p><strong>Ev-Flo von der Bruggm\u00fchle <\/strong><\/p>\n\n\n\n<p>Erfolg IGP III<\/p>\n\n\n\n<figure class=\"wp-block-gallery has-nested-images columns-default is-cropped wp-block-gallery-2 is-layout-flex wp-block-gallery-is-layout-flex\">\n<figure class=\"wp-block-image size-large\"><img loading=\"lazy\" decoding=\"async\" width=\"1024\" height=\"683\" data-id=\"3177\" src=\"https:\/\/deutscher-schaeferhund.ch\/wp-content\/uploads\/2023\/08\/83d6e638-7079-48c8-9ac7-1386b9f7f6ee-1024x683.jpg\" alt=\"\" class=\"wp-image-3177\" srcset=\"https:\/\/deutscher-schaeferhund.ch\/wp-content\/uploads\/2023\/08\/83d6e638-7079-48c8-9ac7-1386b9f7f6ee-1024x683.jpg 1024w, https:\/\/deutscher-schaeferhund.ch\/wp-content\/uploads\/2023\/08\/83d6e638-7079-48c8-9ac7-1386b9f7f6ee-300x200.jpg 300w, https:\/\/deutscher-schaeferhund.ch\/wp-content\/uploads\/2023\/08\/83d6e638-7079-48c8-9ac7-1386b9f7f6ee-768x512.jpg 768w, https:\/\/deutscher-schaeferhund.ch\/wp-content\/uploads\/2023\/08\/83d6e638-7079-48c8-9ac7-1386b9f7f6ee-1536x1024.jpg 1536w, https:\/\/deutscher-schaeferhund.ch\/wp-content\/uploads\/2023\/08\/83d6e638-7079-48c8-9ac7-1386b9f7f6ee-450x300.jpg 450w, https:\/\/deutscher-schaeferhund.ch\/wp-content\/uploads\/2023\/08\/83d6e638-7079-48c8-9ac7-1386b9f7f6ee.jpg 1920w\" sizes=\"auto, (max-width: 1024px) 100vw, 1024px\" \/><\/figure>\n\n\n\n<figure class=\"wp-block-image size-large\"><img loading=\"lazy\" decoding=\"async\" width=\"683\" height=\"1024\" data-id=\"3176\" src=\"https:\/\/deutscher-schaeferhund.ch\/wp-content\/uploads\/2023\/08\/dee2a49c-8c51-460a-be6f-d3c95bbc63d1-683x1024.jpg\" alt=\"\" class=\"wp-image-3176\" srcset=\"https:\/\/deutscher-schaeferhund.ch\/wp-content\/uploads\/2023\/08\/dee2a49c-8c51-460a-be6f-d3c95bbc63d1-683x1024.jpg 683w, https:\/\/deutscher-schaeferhund.ch\/wp-content\/uploads\/2023\/08\/dee2a49c-8c51-460a-be6f-d3c95bbc63d1-200x300.jpg 200w, https:\/\/deutscher-schaeferhund.ch\/wp-content\/uploads\/2023\/08\/dee2a49c-8c51-460a-be6f-d3c95bbc63d1-768x1152.jpg 768w, https:\/\/deutscher-schaeferhund.ch\/wp-content\/uploads\/2023\/08\/dee2a49c-8c51-460a-be6f-d3c95bbc63d1-1024x1536.jpg 1024w, https:\/\/deutscher-schaeferhund.ch\/wp-content\/uploads\/2023\/08\/dee2a49c-8c51-460a-be6f-d3c95bbc63d1.jpg 1280w\" sizes=\"auto, (max-width: 683px) 100vw, 683px\" \/><\/figure>\n<\/figure>\n\n\n\n<figure class=\"wp-block-image size-large is-resized\"><img loading=\"lazy\" decoding=\"async\" src=\"https:\/\/deutscher-schaeferhund.ch\/wp-content\/uploads\/2023\/08\/9f3494cd-e0c3-4823-8f1f-41d0b3c38213-1-1024x683.jpg\" alt=\"\" class=\"wp-image-3185\" style=\"width:1238px;height:826px\" width=\"1238\" height=\"826\" srcset=\"https:\/\/deutscher-schaeferhund.ch\/wp-content\/uploads\/2023\/08\/9f3494cd-e0c3-4823-8f1f-41d0b3c38213-1-1024x683.jpg 1024w, https:\/\/deutscher-schaeferhund.ch\/wp-content\/uploads\/2023\/08\/9f3494cd-e0c3-4823-8f1f-41d0b3c38213-1-300x200.jpg 300w, https:\/\/deutscher-schaeferhund.ch\/wp-content\/uploads\/2023\/08\/9f3494cd-e0c3-4823-8f1f-41d0b3c38213-1-768x512.jpg 768w, https:\/\/deutscher-schaeferhund.ch\/wp-content\/uploads\/2023\/08\/9f3494cd-e0c3-4823-8f1f-41d0b3c38213-1-1536x1024.jpg 1536w, https:\/\/deutscher-schaeferhund.ch\/wp-content\/uploads\/2023\/08\/9f3494cd-e0c3-4823-8f1f-41d0b3c38213-1-450x300.jpg 450w, https:\/\/deutscher-schaeferhund.ch\/wp-content\/uploads\/2023\/08\/9f3494cd-e0c3-4823-8f1f-41d0b3c38213-1.jpg 1920w\" sizes=\"auto, (max-width: 1238px) 100vw, 1238px\" \/><\/figure>\n\n\n\n<h2 class=\"wp-block-heading\"><\/h2>\n\n\n\n<h2 class=\"wp-block-heading\"><\/h2>\n\n\n\n<p><strong>Gsioux von der Bruggm\u00fchle<\/strong><\/p>\n\n\n\n<p>Ausbildung IGP III, IFH II<\/p>\n\n\n\n<p><\/p>\n\n\n\n<figure class=\"wp-block-gallery has-nested-images columns-default is-cropped wp-block-gallery-3 is-layout-flex wp-block-gallery-is-layout-flex\">\n<figure class=\"wp-block-image size-large\"><img loading=\"lazy\" decoding=\"async\" width=\"683\" height=\"1024\" data-id=\"3180\" src=\"https:\/\/deutscher-schaeferhund.ch\/wp-content\/uploads\/2023\/08\/85dfb4b3-4d24-4af5-a5a3-63acdc27944e-683x1024.jpg\" alt=\"\" class=\"wp-image-3180\" srcset=\"https:\/\/deutscher-schaeferhund.ch\/wp-content\/uploads\/2023\/08\/85dfb4b3-4d24-4af5-a5a3-63acdc27944e-683x1024.jpg 683w, https:\/\/deutscher-schaeferhund.ch\/wp-content\/uploads\/2023\/08\/85dfb4b3-4d24-4af5-a5a3-63acdc27944e-200x300.jpg 200w, https:\/\/deutscher-schaeferhund.ch\/wp-content\/uploads\/2023\/08\/85dfb4b3-4d24-4af5-a5a3-63acdc27944e-768x1152.jpg 768w, https:\/\/deutscher-schaeferhund.ch\/wp-content\/uploads\/2023\/08\/85dfb4b3-4d24-4af5-a5a3-63acdc27944e-1024x1536.jpg 1024w, https:\/\/deutscher-schaeferhund.ch\/wp-content\/uploads\/2023\/08\/85dfb4b3-4d24-4af5-a5a3-63acdc27944e.jpg 1280w\" sizes=\"auto, (max-width: 683px) 100vw, 683px\" \/><\/figure>\n\n\n\n<figure class=\"wp-block-image size-large\"><img loading=\"lazy\" decoding=\"async\" width=\"1024\" height=\"683\" data-id=\"3181\" src=\"https:\/\/deutscher-schaeferhund.ch\/wp-content\/uploads\/2023\/08\/e9732e1a-56d9-47a7-bc8d-a9069d13c7ea-1024x683.jpg\" alt=\"\" class=\"wp-image-3181\" srcset=\"https:\/\/deutscher-schaeferhund.ch\/wp-content\/uploads\/2023\/08\/e9732e1a-56d9-47a7-bc8d-a9069d13c7ea-1024x683.jpg 1024w, https:\/\/deutscher-schaeferhund.ch\/wp-content\/uploads\/2023\/08\/e9732e1a-56d9-47a7-bc8d-a9069d13c7ea-300x200.jpg 300w, https:\/\/deutscher-schaeferhund.ch\/wp-content\/uploads\/2023\/08\/e9732e1a-56d9-47a7-bc8d-a9069d13c7ea-768x512.jpg 768w, https:\/\/deutscher-schaeferhund.ch\/wp-content\/uploads\/2023\/08\/e9732e1a-56d9-47a7-bc8d-a9069d13c7ea-1536x1024.jpg 1536w, https:\/\/deutscher-schaeferhund.ch\/wp-content\/uploads\/2023\/08\/e9732e1a-56d9-47a7-bc8d-a9069d13c7ea-450x300.jpg 450w, https:\/\/deutscher-schaeferhund.ch\/wp-content\/uploads\/2023\/08\/e9732e1a-56d9-47a7-bc8d-a9069d13c7ea.jpg 1920w\" sizes=\"auto, (max-width: 1024px) 100vw, 1024px\" \/><\/figure>\n<\/figure>\n\n\n\n<figure class=\"wp-block-image size-large is-resized\"><img loading=\"lazy\" decoding=\"async\" src=\"https:\/\/deutscher-schaeferhund.ch\/wp-content\/uploads\/2023\/08\/adc0fc8e-c20f-4483-bbb2-e8a616edee40-1024x683.jpg\" alt=\"\" class=\"wp-image-3178\" style=\"width:1242px;height:828px\" width=\"1242\" height=\"828\" srcset=\"https:\/\/deutscher-schaeferhund.ch\/wp-content\/uploads\/2023\/08\/adc0fc8e-c20f-4483-bbb2-e8a616edee40-1024x683.jpg 1024w, https:\/\/deutscher-schaeferhund.ch\/wp-content\/uploads\/2023\/08\/adc0fc8e-c20f-4483-bbb2-e8a616edee40-300x200.jpg 300w, https:\/\/deutscher-schaeferhund.ch\/wp-content\/uploads\/2023\/08\/adc0fc8e-c20f-4483-bbb2-e8a616edee40-768x512.jpg 768w, https:\/\/deutscher-schaeferhund.ch\/wp-content\/uploads\/2023\/08\/adc0fc8e-c20f-4483-bbb2-e8a616edee40-1536x1024.jpg 1536w, https:\/\/deutscher-schaeferhund.ch\/wp-content\/uploads\/2023\/08\/adc0fc8e-c20f-4483-bbb2-e8a616edee40-450x300.jpg 450w, https:\/\/deutscher-schaeferhund.ch\/wp-content\/uploads\/2023\/08\/adc0fc8e-c20f-4483-bbb2-e8a616edee40.jpg 1920w\" sizes=\"auto, (max-width: 1242px) 100vw, 1242px\" \/><\/figure>\n\n\n\n<figure class=\"wp-block-image size-large is-resized\"><img loading=\"lazy\" decoding=\"async\" src=\"https:\/\/deutscher-schaeferhund.ch\/wp-content\/uploads\/2023\/08\/40da41b0-3b9c-4a48-aae5-2a61592b2bc9-1024x683.jpg\" alt=\"\" class=\"wp-image-3182\" style=\"width:1239px;height:827px\" width=\"1239\" height=\"827\" srcset=\"https:\/\/deutscher-schaeferhund.ch\/wp-content\/uploads\/2023\/08\/40da41b0-3b9c-4a48-aae5-2a61592b2bc9-1024x683.jpg 1024w, https:\/\/deutscher-schaeferhund.ch\/wp-content\/uploads\/2023\/08\/40da41b0-3b9c-4a48-aae5-2a61592b2bc9-300x200.jpg 300w, https:\/\/deutscher-schaeferhund.ch\/wp-content\/uploads\/2023\/08\/40da41b0-3b9c-4a48-aae5-2a61592b2bc9-768x512.jpg 768w, https:\/\/deutscher-schaeferhund.ch\/wp-content\/uploads\/2023\/08\/40da41b0-3b9c-4a48-aae5-2a61592b2bc9-1536x1024.jpg 1536w, https:\/\/deutscher-schaeferhund.ch\/wp-content\/uploads\/2023\/08\/40da41b0-3b9c-4a48-aae5-2a61592b2bc9-450x300.jpg 450w, https:\/\/deutscher-schaeferhund.ch\/wp-content\/uploads\/2023\/08\/40da41b0-3b9c-4a48-aae5-2a61592b2bc9.jpg 1920w\" sizes=\"auto, (max-width: 1239px) 100vw, 1239px\" \/><\/figure>\n","protected":false},"excerpt":{"rendered":"<p>Inouk von der Bruggm\u00fchle Von 2021 bis 2023 in Zuchtpension bei Familie Sicheneder geboren: 17.05.2013 VPG I, IGP III, IBGH III Mutter: Ev &#8211; Flo &hellip;<\/p>\n","protected":false},"author":2,"featured_media":0,"parent":0,"menu_order":0,"comment_status":"closed","ping_status":"closed","template":"","meta":{"footnotes":""},"class_list":["post-3169","page","type-page","status-publish","hentry"],"_links":{"self":[{"href":"https:\/\/deutscher-schaeferhund.ch\/index.php\/wp-json\/wp\/v2\/pages\/3169","targetHints":{"allow":["GET"]}}],"collection":[{"href":"https:\/\/deutscher-schaeferhund.ch\/index.php\/wp-json\/wp\/v2\/pages"}],"about":[{"href":"https:\/\/deutscher-schaeferhund.ch\/index.php\/wp-json\/wp\/v2\/types\/page"}],"author":[{"embeddable":true,"href":"https:\/\/deutscher-schaeferhund.ch\/index.php\/wp-json\/wp\/v2\/users\/2"}],"replies":[{"embeddable":true,"href":"https:\/\/deutscher-schaeferhund.ch\/index.php\/wp-json\/wp\/v2\/comments?post=3169"}],"version-history":[{"count":12,"href":"https:\/\/deutscher-schaeferhund.ch\/index.php\/wp-json\/wp\/v2\/pages\/3169\/revisions"}],"predecessor-version":[{"id":3352,"href":"https:\/\/deutscher-schaeferhund.ch\/index.php\/wp-json\/wp\/v2\/pages\/3169\/revisions\/3352"}],"wp:attachment":[{"href":"https:\/\/deutscher-schaeferhund.ch\/index.php\/wp-json\/wp\/v2\/media?parent=3169"}],"curies":[{"name":"wp","href":"https:\/\/api.w.org\/{rel}","templated":true}]}}