{"id":2894,"date":"2023-03-11T17:07:54","date_gmt":"2023-03-11T16:07:54","guid":{"rendered":"http:\/\/deutscher-schaeferhund.ch\/?page_id=2894"},"modified":"2023-08-10T16:14:42","modified_gmt":"2023-08-10T14:14:42","slug":"geschichte","status":"publish","type":"page","link":"https:\/\/deutscher-schaeferhund.ch\/index.php\/geschichte\/","title":{"rendered":"Geschichte"},"content":{"rendered":"\n<h2 class=\"wp-block-heading\"><strong>Die Geschichte des Zwinger &#8222;von der Bruggm\u00fchle&#8220;<\/strong><\/h2>\n\n\n\n<ul class=\"wp-block-list\">\n<li>Geboren am 26.04.1921, Werner war Fuhrmann in der Bruggm\u00fchle Bischofszell ( TG )<\/li>\n\n\n\n<li>Hier \u00fcbernahm er den Zwingernamen &#8220; Zwinger von der Bruggm\u00fchle &#8222;<\/li>\n\n\n\n<li>Am 07.11.1950 konnte Werner seinen 1. Wurf im Stammbuch der Deutschen Sch\u00e4ferhunde eintragen lassen.<\/li>\n\n\n\n<li>Die Mutterh\u00fcndin war Anni vom Pechlerberg, der Vater war Walo von der Elfenwiese.<\/li>\n<\/ul>\n\n\n\n<p>Werner Keller war sehr aktiv im Hundesport und in der Zucht t\u00e4tig.<\/p>\n\n\n\n<ul class=\"wp-block-list\">\n<li>1948 wurde er Mitglied der SKG<\/li>\n\n\n\n<li>1948 bis 1956 war er \u00dcbungsleiter im Hundesport Bischofszell<\/li>\n\n\n\n<li>1956 bis 1976 amtierte er als \u00dcbungsleiter im Hundesport Rhein St. Margrethen<\/li>\n\n\n\n<li>1980 Jubil\u00e4umspr\u00fcfung: Schweiz. Leistungssieger Zwinger von der Bruggm\u00fchle<\/li>\n\n\n\n<li>1983 bis 1995 nahm er das Amt als Pr\u00e4sidenten im Hundesport Rhein an<\/li>\n\n\n\n<li>30 mal fungierte er als Pr\u00fcfungsleiter<\/li>\n\n\n\n<li>16 Jahre belegte er das Amt als Wesensrichter f\u00fcr Deutsche Sch\u00e4ferhunde<\/li>\n\n\n\n<li>15 mal war er Leiter von Erziehungskursen und von Schutzdiensthelferkursen<\/li>\n\n\n\n<li>1995 erhielt Werner Keller den Ehrenpr\u00e4sidenten im Hundesport Rhein und legte aus gesundheitlichen Gr\u00fcnden s\u00e4mtliche \u00c4mter nieder<\/li>\n<\/ul>\n\n\n\n<p>Am 20.11.2005 ist Werner Keller nach langer Krankheit gestorben. Die Zucht wird im Sinne von ihm an seinen Sohn Arnold Keller weitergegeben.<\/p>\n\n\n\n<figure class=\"wp-block-image size-large\"><img loading=\"lazy\" decoding=\"async\" width=\"695\" height=\"1024\" src=\"http:\/\/deutscher-schaeferhund.ch\/wp-content\/uploads\/2023\/03\/IMG_2719-695x1024.jpg\" alt=\"\" class=\"wp-image-2966\" srcset=\"https:\/\/deutscher-schaeferhund.ch\/wp-content\/uploads\/2023\/03\/IMG_2719-695x1024.jpg 695w, https:\/\/deutscher-schaeferhund.ch\/wp-content\/uploads\/2023\/03\/IMG_2719-204x300.jpg 204w, https:\/\/deutscher-schaeferhund.ch\/wp-content\/uploads\/2023\/03\/IMG_2719-768x1131.jpg 768w, https:\/\/deutscher-schaeferhund.ch\/wp-content\/uploads\/2023\/03\/IMG_2719-1043x1536.jpg 1043w, https:\/\/deutscher-schaeferhund.ch\/wp-content\/uploads\/2023\/03\/IMG_2719.jpg 1150w\" sizes=\"auto, (max-width: 695px) 100vw, 695px\" \/><\/figure>\n","protected":false},"excerpt":{"rendered":"<p>Die Geschichte des Zwinger &#8222;von der Bruggm\u00fchle&#8220; Werner Keller war sehr aktiv im Hundesport und in der Zucht t\u00e4tig. Am 20.11.2005 ist Werner Keller nach &hellip;<\/p>\n","protected":false},"author":2,"featured_media":0,"parent":0,"menu_order":0,"comment_status":"closed","ping_status":"closed","template":"","meta":{"footnotes":""},"class_list":["post-2894","page","type-page","status-publish","hentry"],"_links":{"self":[{"href":"https:\/\/deutscher-schaeferhund.ch\/index.php\/wp-json\/wp\/v2\/pages\/2894","targetHints":{"allow":["GET"]}}],"collection":[{"href":"https:\/\/deutscher-schaeferhund.ch\/index.php\/wp-json\/wp\/v2\/pages"}],"about":[{"href":"https:\/\/deutscher-schaeferhund.ch\/index.php\/wp-json\/wp\/v2\/types\/page"}],"author":[{"embeddable":true,"href":"https:\/\/deutscher-schaeferhund.ch\/index.php\/wp-json\/wp\/v2\/users\/2"}],"replies":[{"embeddable":true,"href":"https:\/\/deutscher-schaeferhund.ch\/index.php\/wp-json\/wp\/v2\/comments?post=2894"}],"version-history":[{"count":7,"href":"https:\/\/deutscher-schaeferhund.ch\/index.php\/wp-json\/wp\/v2\/pages\/2894\/revisions"}],"predecessor-version":[{"id":3209,"href":"https:\/\/deutscher-schaeferhund.ch\/index.php\/wp-json\/wp\/v2\/pages\/2894\/revisions\/3209"}],"wp:attachment":[{"href":"https:\/\/deutscher-schaeferhund.ch\/index.php\/wp-json\/wp\/v2\/media?parent=2894"}],"curies":[{"name":"wp","href":"https:\/\/api.w.org\/{rel}","templated":true}]}}