{"id":19,"date":"2022-12-29T10:11:38","date_gmt":"2022-12-29T09:11:38","guid":{"rendered":"http:\/\/deutscher-schaeferhund.ch\/?page_id=19"},"modified":"2023-08-09T20:07:16","modified_gmt":"2023-08-09T18:07:16","slug":"joy-von-der-bruggmuhle","status":"publish","type":"page","link":"https:\/\/deutscher-schaeferhund.ch\/index.php\/joy-von-der-bruggmuhle\/","title":{"rendered":"Joy von der Bruggm\u00fchle"},"content":{"rendered":"\n<p>geboren am 04.10.2015 \u00a0BHVT, VPG I, IGP III, IBGH III, HD A, ED 0<\/p>\n\n\n\n<p>Mutter : Inouk v.d Bruggm\u00fchle \u00a0IGP III, IBGH III, HD A, ED 0<\/p>\n\n\n\n<p>Vater: Nerro aus der K\u00f6nigsh\u00f6hle \u00a0IGP III, HD A, ED 0<br><\/p>\n\n\n\n<p>Am 29.10.2016 Wesenspr\u00fcfung bestanden. Knapp 13. Monate alte, aufgestellte H\u00fcndin mit einem ausgezeichneten Wesensgrundgef\u00fcge.Sowohl Beute als auch Schutztrieb sind sehr gut entwickelt. Lobenswerte F\u00fchrer Hund Beziehung.<br><\/p>\n\n\n\n<h3 class=\"wp-block-heading\">K\u00f6rbericht<\/h3>\n\n\n\n<p>Grosse, mittelkr\u00e4ftige, Typ &#8211; und Ausdrucksvolle H\u00fcndin.Normaler Widerrist, gerader fester R\u00fccken, gute L\u00e4nge und Lage der Kruppe.Gute Winkelungen der Vor &#8211; und Hinterhand. Normale Brustverh\u00e4ltnisse, absolut gerade Front.Die H\u00fcndin zeigt bei kraftvollem Nachschub und gutem Vortritt sehr dynamische G\u00e4nge.Empfehlung : Zur Verbesserung der Gebrauchshunde &#8211; Eigenschaften.<br><\/p>\n\n\n\n<h3 class=\"wp-block-heading\">Pr\u00fcfungen<\/h3>\n\n\n\n<ul class=\"wp-block-list\">\n<li>2017 VPG I &nbsp;&nbsp;&nbsp;&nbsp;282 Punkte<\/li>\n\n\n\n<li>2018 BH VT &nbsp;&nbsp;&nbsp;bestanden<\/li>\n\n\n\n<li>2019 IGP I &nbsp;&nbsp;&nbsp;&nbsp;&nbsp;290 Punkte<\/li>\n\n\n\n<li>2019 IGP II &nbsp;&nbsp;&nbsp;&nbsp;288 Punkte<\/li>\n\n\n\n<li>2019 IGP III &nbsp;&nbsp;&nbsp;273 Punkte<\/li>\n\n\n\n<li>2020 IBGH III &nbsp;95 &nbsp;Punkte<\/li>\n\n\n\n<li>2021 IGP III &nbsp;&nbsp;&nbsp;287 Punkte<\/li>\n<\/ul>\n\n\n\n<figure class=\"wp-block-gallery has-nested-images columns-default is-cropped wp-block-gallery-1 is-layout-flex wp-block-gallery-is-layout-flex\">\n<figure class=\"wp-block-image size-large\"><img loading=\"lazy\" decoding=\"async\" width=\"535\" height=\"714\" data-id=\"119\" src=\"http:\/\/deutscher-schaeferhund.ch\/wp-content\/uploads\/2022\/12\/von-der-bruggmuehle-joy5.jpeg\" alt=\"\" class=\"wp-image-119\" srcset=\"https:\/\/deutscher-schaeferhund.ch\/wp-content\/uploads\/2022\/12\/von-der-bruggmuehle-joy5.jpeg 535w, https:\/\/deutscher-schaeferhund.ch\/wp-content\/uploads\/2022\/12\/von-der-bruggmuehle-joy5-225x300.jpeg 225w\" sizes=\"auto, (max-width: 535px) 100vw, 535px\" \/><\/figure>\n\n\n\n<figure class=\"wp-block-image size-large\"><img loading=\"lazy\" decoding=\"async\" width=\"535\" height=\"301\" data-id=\"120\" src=\"http:\/\/deutscher-schaeferhund.ch\/wp-content\/uploads\/2022\/12\/von-der-bruggmuehle-joy4.jpeg\" alt=\"\" class=\"wp-image-120\" srcset=\"https:\/\/deutscher-schaeferhund.ch\/wp-content\/uploads\/2022\/12\/von-der-bruggmuehle-joy4.jpeg 535w, https:\/\/deutscher-schaeferhund.ch\/wp-content\/uploads\/2022\/12\/von-der-bruggmuehle-joy4-300x169.jpeg 300w, https:\/\/deutscher-schaeferhund.ch\/wp-content\/uploads\/2022\/12\/von-der-bruggmuehle-joy4-421x237.jpeg 421w\" sizes=\"auto, (max-width: 535px) 100vw, 535px\" \/><\/figure>\n\n\n\n<figure class=\"wp-block-image size-large\"><img loading=\"lazy\" decoding=\"async\" width=\"535\" height=\"301\" data-id=\"121\" src=\"http:\/\/deutscher-schaeferhund.ch\/wp-content\/uploads\/2022\/12\/von-der-bruggmuehle-joy3.jpeg\" alt=\"\" class=\"wp-image-121\" srcset=\"https:\/\/deutscher-schaeferhund.ch\/wp-content\/uploads\/2022\/12\/von-der-bruggmuehle-joy3.jpeg 535w, https:\/\/deutscher-schaeferhund.ch\/wp-content\/uploads\/2022\/12\/von-der-bruggmuehle-joy3-300x169.jpeg 300w, https:\/\/deutscher-schaeferhund.ch\/wp-content\/uploads\/2022\/12\/von-der-bruggmuehle-joy3-421x237.jpeg 421w\" sizes=\"auto, (max-width: 535px) 100vw, 535px\" \/><\/figure>\n\n\n\n<figure class=\"wp-block-image size-large\"><img loading=\"lazy\" decoding=\"async\" width=\"424\" height=\"282\" data-id=\"123\" src=\"http:\/\/deutscher-schaeferhund.ch\/wp-content\/uploads\/2022\/12\/von-der-bruggmuehle-joy1.jpeg\" alt=\"\" class=\"wp-image-123\" srcset=\"https:\/\/deutscher-schaeferhund.ch\/wp-content\/uploads\/2022\/12\/von-der-bruggmuehle-joy1.jpeg 424w, https:\/\/deutscher-schaeferhund.ch\/wp-content\/uploads\/2022\/12\/von-der-bruggmuehle-joy1-300x200.jpeg 300w, https:\/\/deutscher-schaeferhund.ch\/wp-content\/uploads\/2022\/12\/von-der-bruggmuehle-joy1-421x280.jpeg 421w\" sizes=\"auto, (max-width: 424px) 100vw, 424px\" \/><\/figure>\n\n\n\n<figure class=\"wp-block-image size-large\"><img loading=\"lazy\" decoding=\"async\" width=\"1024\" height=\"683\" data-id=\"105\" src=\"http:\/\/deutscher-schaeferhund.ch\/wp-content\/uploads\/2022\/12\/von-der-bruggmuehle-wurf2021-1-1024x683.jpeg\" alt=\"\" class=\"wp-image-105\" srcset=\"https:\/\/deutscher-schaeferhund.ch\/wp-content\/uploads\/2022\/12\/von-der-bruggmuehle-wurf2021-1-1024x683.jpeg 1024w, https:\/\/deutscher-schaeferhund.ch\/wp-content\/uploads\/2022\/12\/von-der-bruggmuehle-wurf2021-1-300x200.jpeg 300w, https:\/\/deutscher-schaeferhund.ch\/wp-content\/uploads\/2022\/12\/von-der-bruggmuehle-wurf2021-1-768x512.jpeg 768w, https:\/\/deutscher-schaeferhund.ch\/wp-content\/uploads\/2022\/12\/von-der-bruggmuehle-wurf2021-1-1536x1024.jpeg 1536w, https:\/\/deutscher-schaeferhund.ch\/wp-content\/uploads\/2022\/12\/von-der-bruggmuehle-wurf2021-1-421x281.jpeg 421w, https:\/\/deutscher-schaeferhund.ch\/wp-content\/uploads\/2022\/12\/von-der-bruggmuehle-wurf2021-1.jpeg 2048w\" sizes=\"auto, (max-width: 1024px) 100vw, 1024px\" \/><\/figure>\n<\/figure>\n","protected":false},"excerpt":{"rendered":"<p>geboren am 04.10.2015 \u00a0BHVT, VPG I, IGP III, IBGH III, HD A, ED 0 Mutter : Inouk v.d Bruggm\u00fchle \u00a0IGP III, IBGH III, HD A, &hellip;<\/p>\n","protected":false},"author":1,"featured_media":0,"parent":0,"menu_order":0,"comment_status":"closed","ping_status":"closed","template":"","meta":{"footnotes":""},"class_list":["post-19","page","type-page","status-publish","hentry"],"_links":{"self":[{"href":"https:\/\/deutscher-schaeferhund.ch\/index.php\/wp-json\/wp\/v2\/pages\/19","targetHints":{"allow":["GET"]}}],"collection":[{"href":"https:\/\/deutscher-schaeferhund.ch\/index.php\/wp-json\/wp\/v2\/pages"}],"about":[{"href":"https:\/\/deutscher-schaeferhund.ch\/index.php\/wp-json\/wp\/v2\/types\/page"}],"author":[{"embeddable":true,"href":"https:\/\/deutscher-schaeferhund.ch\/index.php\/wp-json\/wp\/v2\/users\/1"}],"replies":[{"embeddable":true,"href":"https:\/\/deutscher-schaeferhund.ch\/index.php\/wp-json\/wp\/v2\/comments?post=19"}],"version-history":[{"count":5,"href":"https:\/\/deutscher-schaeferhund.ch\/index.php\/wp-json\/wp\/v2\/pages\/19\/revisions"}],"predecessor-version":[{"id":3019,"href":"https:\/\/deutscher-schaeferhund.ch\/index.php\/wp-json\/wp\/v2\/pages\/19\/revisions\/3019"}],"wp:attachment":[{"href":"https:\/\/deutscher-schaeferhund.ch\/index.php\/wp-json\/wp\/v2\/media?parent=19"}],"curies":[{"name":"wp","href":"https:\/\/api.w.org\/{rel}","templated":true}]}}